{"id":494,"date":"2020-06-18T17:55:44","date_gmt":"2020-06-18T17:55:44","guid":{"rendered":"https:\/\/online.suny.edu\/introtocoil\/?page_id=494"},"modified":"2020-07-02T14:43:26","modified_gmt":"2020-07-02T14:43:26","slug":"aprendizaje-intercultural","status":"publish","type":"page","link":"https:\/\/online.suny.edu\/introtocoil\/aprendizaje-intercultural\/","title":{"rendered":"APRENDIZAJE INTERCULTURAL"},"content":{"rendered":"\n<p>El apoyo al desarrollo de la competencia intercultural es un elemento muy importante de las colaboraciones del COIL.&nbsp; Colaborar con el COIL es la primera oportunidad que muchos estudiantes tienen de relacionarse con compa\u00f1eros de otro pa\u00eds. Probablemente los estudiantes se han involucrado con personas de otros or\u00edgenes culturales en sus comunidades, sin embargo, a la mayor\u00eda de los estudiantes no se les ha pedido que reflexionen acerca de las diferencias culturales en sus hogares, por lo que el COIL es con frecuencia la primera actividad de comunicaci\u00f3n intercultural intencional que emprender\u00e1n.<\/p>\n\n\n\n<figure class=\"wp-block-embed-youtube wp-block-embed is-type-video is-provider-youtube wp-embed-aspect-16-9 wp-has-aspect-ratio\"><div class=\"wp-block-embed__wrapper\">\n<iframe loading=\"lazy\" title=\"what is culture?\" width=\"500\" height=\"281\" src=\"https:\/\/www.youtube.com\/embed\/Me2HlTQPS40?feature=oembed\" frameborder=\"0\" allow=\"accelerometer; autoplay; clipboard-write; encrypted-media; gyroscope; picture-in-picture; web-share\" referrerpolicy=\"strict-origin-when-cross-origin\" allowfullscreen><\/iframe>\n<\/div><figcaption> <br> Eva Haug de la Universidad de Ciencias Aplicadas de \u00c1msterdam en los Pa\u00edses Bajos explica el concepto de cultura. <br><\/figcaption><\/figure>\n\n\n\n<p>El conocimiento cultural y las competencias culturales son fundamentales\nen el mundo de hoy. Las sociedades, grupos y organizaciones modernas se est\u00e1n\nvolviendo cada vez m\u00e1s multiculturales, donde personas de diferentes or\u00edgenes\nculturales viven y trabajan juntas. La comprensi\u00f3n de la cultura se basa en\nmuchos factores, entre ellos nuestra propia visi\u00f3n del mundo, nuestra formaci\u00f3n\nacad\u00e9mica y nuestras experiencias.&nbsp; La\ntecnolog\u00eda permite que personas de diferentes lugares del mundo se re\u00fanan y compartan\nen l\u00ednea.<\/p>\n\n\n\n<p>La globalizaci\u00f3n, que se caracteriza por las crecientes interrelaciones e\nintegraci\u00f3n entre las econom\u00edas, las naciones, las empresas y las sociedades,\nrepercute en el contexto en el que la mayor\u00eda de las personas viven y trabajan.\nLa globalizaci\u00f3n se ve acelerada por medio de las tecnolog\u00edas de la informaci\u00f3n\ny las comunicaciones, como los sitios web de inter\u00e9s especial, los medios\nsociales, las aplicaciones de mensajer\u00eda, los videos y los sistemas de\nconferencias. Estas tecnolog\u00edas han dado lugar a redes y comunidades en las que\nparticipan personas de diversos or\u00edgenes culturales que comparten intereses y\nprop\u00f3sitos comunes.<\/p>\n\n\n\n<p>Es\nimportante para la educaci\u00f3n superior del siglo XXI ayudar a los estudiantes a\nque desarrollen la competencia inter|cultural (aptitudes que facilitan la\ninteracci\u00f3n eficaz y apropiada con personas de otra cultura). El COIL\nconstituye un enfoque eficaz para desarrollar estas habilidades a trav\u00e9s de la\ncolaboraci\u00f3n intelectual acad\u00e9mica en l\u00ednea con compa\u00f1eros de todo el mundo.<\/p>\n\n\n\n<p>Haga clic <a href=\"https:\/\/online.suny.edu\/introtocoil\/recursos-del-coil-en-suny\/\">aqu\u00ed <\/a>para continuar a la siguiente secci\u00f3n.<\/p>\n\n\n\n<p><\/p>\n","protected":false},"excerpt":{"rendered":"<p>El apoyo al desarrollo de la competencia intercultural es un elemento muy importante de las colaboraciones del COIL.&nbsp; Colaborar con el COIL es la primera oportunidad que muchos estudiantes tienen de relacionarse con compa\u00f1eros de otro pa\u00eds. Probablemente los estudiantes se han involucrado con personas de otros or\u00edgenes culturales en sus comunidades, sin embargo, a [&hellip;]<\/p>\n","protected":false},"author":8129,"featured_media":0,"parent":0,"menu_order":0,"comment_status":"closed","ping_status":"closed","template":"","meta":{"footnotes":""},"class_list":["post-494","page","type-page","status-publish","hentry"],"_links":{"self":[{"href":"https:\/\/online.suny.edu\/introtocoil\/wp-json\/wp\/v2\/pages\/494","targetHints":{"allow":["GET"]}}],"collection":[{"href":"https:\/\/online.suny.edu\/introtocoil\/wp-json\/wp\/v2\/pages"}],"about":[{"href":"https:\/\/online.suny.edu\/introtocoil\/wp-json\/wp\/v2\/types\/page"}],"author":[{"embeddable":true,"href":"https:\/\/online.suny.edu\/introtocoil\/wp-json\/wp\/v2\/users\/8129"}],"replies":[{"embeddable":true,"href":"https:\/\/online.suny.edu\/introtocoil\/wp-json\/wp\/v2\/comments?post=494"}],"version-history":[{"count":3,"href":"https:\/\/online.suny.edu\/introtocoil\/wp-json\/wp\/v2\/pages\/494\/revisions"}],"predecessor-version":[{"id":515,"href":"https:\/\/online.suny.edu\/introtocoil\/wp-json\/wp\/v2\/pages\/494\/revisions\/515"}],"wp:attachment":[{"href":"https:\/\/online.suny.edu\/introtocoil\/wp-json\/wp\/v2\/media?parent=494"}],"curies":[{"name":"wp","href":"https:\/\/api.w.org\/{rel}","templated":true}]}}