{"id":492,"date":"2020-06-18T18:02:43","date_gmt":"2020-06-18T18:02:43","guid":{"rendered":"https:\/\/online.suny.edu\/introtocoil\/?page_id=492"},"modified":"2020-12-29T16:10:49","modified_gmt":"2020-12-29T16:10:49","slug":"perspectivas-sobre-el-coil","status":"publish","type":"page","link":"https:\/\/online.suny.edu\/introtocoil\/perspectivas-sobre-el-coil\/","title":{"rendered":"\u00bfPerspectivas sobre el COIL?"},"content":{"rendered":"\n<figure class=\"wp-block-embed-youtube wp-block-embed is-type-video is-provider-youtube wp-embed-aspect-16-9 wp-has-aspect-ratio\"><div class=\"wp-block-embed__wrapper\">\n<iframe loading=\"lazy\" title=\"Collaborative Online International Learning (COIL) at Corning\" width=\"500\" height=\"281\" src=\"https:\/\/www.youtube.com\/embed\/ONiy3Ptn7pw?feature=oembed\" frameborder=\"0\" allow=\"accelerometer; autoplay; clipboard-write; encrypted-media; gyroscope; picture-in-picture; web-share\" referrerpolicy=\"strict-origin-when-cross-origin\" allowfullscreen><\/iframe>\n<\/div><\/figure>\n\n\n\n<p><strong>PERSPECTIVAS\nDE LOS ESTUDIANTES<\/strong><\/p>\n\n\n\n<p>&#8220;<em>Hace\nque el mundo se vea m\u00e1s peque\u00f1o.&nbsp; Ahora\npuedo arriesgarme a estudiar en el exterior porque conozco a alguien en el\nextranjero&#8221;.<\/em><\/p>\n\n\n\n<p><em>&#8220;Me\ngustar\u00eda tomar por lo menos una lecci\u00f3n de COIL cada semestre.&nbsp; Realmente cambi\u00f3 toda mi experiencia\nacad\u00e9mica y mi vida personal. Me emociona tener esa experiencia de nuevo. Realmente\nampli\u00f3 mis horizontes&#8221;.&nbsp; <\/em><\/p>\n\n\n\n<p><em>&#8220;Si\nse presentara la oportunidad, sin duda lo volver\u00eda a hacer, porque esto es maravilloso\npara gente como yo que se apega a su c\u00edrculo y no se abre y relaciona con gente\nnueva, creo que eso es importante, pero no lo hago lo suficiente. He aprendido\na no ser tan t\u00edmido y a no hablar de m\u00e1s&#8221;.<\/em><\/p>\n\n\n\n<p><em>&#8220;Siento\nque hacer el curso en colaboraci\u00f3n con nuestros socios internacionales\nrealmente agregaran una experiencia pr\u00e1ctica m\u00e1s a nuestra clase.&nbsp; Una cosa es simplemente hablar de c\u00f3mo usar\nel marketing online en clase, y otra muy distinta es que este curso requiere\nque tomemos lo que hemos aprendido y lo apliquemos&#8221;.<\/em><\/p>\n\n\n\n<figure class=\"wp-block-embed-youtube wp-block-embed is-type-video is-provider-youtube wp-embed-aspect-16-9 wp-has-aspect-ratio\"><div class=\"wp-block-embed__wrapper\">\n<iframe loading=\"lazy\" title=\"SUNY Ulster  - Professor Nixon&#039;s Real World Classroom - COIL Mexican Partners\" width=\"500\" height=\"281\" src=\"https:\/\/www.youtube.com\/embed\/cOanl0yqHhI?list=PLB6sastiy3dMt4Wp0VqyL3gI26zETd5kV\" frameborder=\"0\" allow=\"accelerometer; autoplay; clipboard-write; encrypted-media; gyroscope; picture-in-picture; web-share\" referrerpolicy=\"strict-origin-when-cross-origin\" allowfullscreen><\/iframe>\n<\/div><\/figure>\n\n\n\n<p><strong>PERSPECTIVAS\nDE LOS INSTRUCTORES<\/strong><\/p>\n\n\n\n<p>&#8220;<em>Mi\ntrabajo en el COIL ha sido transformador para mi ense\u00f1anza y mi beca.&nbsp; Mi asociaci\u00f3n con el COIL ha a\u00f1adido\nprofundidad y dimensi\u00f3n al plan de estudios y mi ense\u00f1anza se ha vuelto m\u00e1s\nactiva e interseccional. <\/em><\/p>\n\n\n\n<p><em>&#8221;\nEl COIL no solo ha internacionalizado mi plan de estudios, sino que tambi\u00e9n ha\ninternacionalizado mis m\u00e9todos de ense\u00f1anza. Debido a mis experiencias con el\nCOIL, he podido aprender de mis compa\u00f1eros internacionales de ense\u00f1anza nuevas\nactividades para impartir en clase&#8221;. <\/em><\/p>\n\n\n\n<p><em>&#8220;COIL\n= conectar con un prop\u00f3sito, el intercambio virtual importa&#8221;<\/em><\/p>\n\n\n\n<p><strong>\u00bfQU\u00c9 ES\nEL INTERCAMBIO VIRTUAL?<\/strong><\/p>\n\n\n\n<ul class=\"wp-block-list\"><li>La tecnolog\u00eda apoy\u00f3 los\n     di\u00e1logos y la colaboraci\u00f3n entre personas sostenidos durante un per\u00edodo de\n     tiempo<\/li><li>Aprendizaje\n     social interactivo<\/li><li>Facilitado por profesores y\/o\n     facilitadores capacitados<\/li><li>Experiencias\n     interculturales significativas<\/li><\/ul>\n\n\n\n<p>COIL es una\nmodalidad de intercambio virtual elaborada por la Universidad Estatal de Nueva\nYork (<em>State University of New York , SUNY<\/em>).\nLas principales caracter\u00edsticas del COIL se encuentran descritas en la pesta\u00f1a <em>Qu\u00e9 es el COIL<\/em>. El SUNY COIL Center fue\nfundado en 2004 para que estudiantes y profesores de todas las culturas\ntrabajen juntos en proyectos de colaboraci\u00f3n y discusiones, logrando que las\nexperiencias internacionales e interculturales est\u00e9n al alcance de cada\nestudiante en cada instituci\u00f3n.<\/p>\n\n\n\n<p>Haga clic <a href=\"https:\/\/online.suny.edu\/introtocoil\/aprendizaje-intercultural\/\">aqu\u00ed<\/a> para continuar a la siguiente secci\u00f3n.<\/p>\n","protected":false},"excerpt":{"rendered":"<p>PERSPECTIVAS DE LOS ESTUDIANTES &#8220;Hace que el mundo se vea m\u00e1s peque\u00f1o.&nbsp; Ahora puedo arriesgarme a estudiar en el exterior porque conozco a alguien en el extranjero&#8221;. &#8220;Me gustar\u00eda tomar por lo menos una lecci\u00f3n de COIL cada semestre.&nbsp; Realmente cambi\u00f3 toda mi experiencia acad\u00e9mica y mi vida personal. Me emociona tener esa experiencia de [&hellip;]<\/p>\n","protected":false},"author":8129,"featured_media":0,"parent":0,"menu_order":0,"comment_status":"closed","ping_status":"closed","template":"","meta":{"footnotes":""},"class_list":["post-492","page","type-page","status-publish","hentry"],"_links":{"self":[{"href":"https:\/\/online.suny.edu\/introtocoil\/wp-json\/wp\/v2\/pages\/492","targetHints":{"allow":["GET"]}}],"collection":[{"href":"https:\/\/online.suny.edu\/introtocoil\/wp-json\/wp\/v2\/pages"}],"about":[{"href":"https:\/\/online.suny.edu\/introtocoil\/wp-json\/wp\/v2\/types\/page"}],"author":[{"embeddable":true,"href":"https:\/\/online.suny.edu\/introtocoil\/wp-json\/wp\/v2\/users\/8129"}],"replies":[{"embeddable":true,"href":"https:\/\/online.suny.edu\/introtocoil\/wp-json\/wp\/v2\/comments?post=492"}],"version-history":[{"count":5,"href":"https:\/\/online.suny.edu\/introtocoil\/wp-json\/wp\/v2\/pages\/492\/revisions"}],"predecessor-version":[{"id":537,"href":"https:\/\/online.suny.edu\/introtocoil\/wp-json\/wp\/v2\/pages\/492\/revisions\/537"}],"wp:attachment":[{"href":"https:\/\/online.suny.edu\/introtocoil\/wp-json\/wp\/v2\/media?parent=492"}],"curies":[{"name":"wp","href":"https:\/\/api.w.org\/{rel}","templated":true}]}}