{"id":490,"date":"2020-06-18T18:04:10","date_gmt":"2020-06-18T18:04:10","guid":{"rendered":"https:\/\/online.suny.edu\/introtocoil\/?page_id=490"},"modified":"2020-12-17T18:20:12","modified_gmt":"2020-12-17T18:20:12","slug":"que-es-coil","status":"publish","type":"page","link":"https:\/\/online.suny.edu\/introtocoil\/que-es-coil\/","title":{"rendered":"\u00bfQu\u00e9 es COIL?"},"content":{"rendered":"<p>El Aprendizaje colaborativo internacional en l\u00ednea (COIL, <span style=\"font-weight: 400;\">Collaborative Online International Learning<\/span> ) se trata de un enfoque que, como parte de su clase, conecta a estudiantes y profesores de diferentes culturas para aprender, discutir y colaborar entre si. Los profesores participan en el dise\u00f1o de la experiencia y los alumnos en la ejecuci\u00f3n de las actividades dise\u00f1adas. El COIL se vuelve parte de la clase, permitiendo que todos los estudiantes tengan una experiencia intercultural significativa dentro de su curso de estudio.<\/p>\n<p>COIL:<\/p>\n<ul>\n<li>Se puede crear en cualquier disciplina; funciona bien entre las asociaciones interdisciplinarias<\/li>\n<li>Fomenta el estudio activo de los estudiantes y el trabajo en equipo<\/li>\n<li>Incluye las interacciones interculturales y la comprensi\u00f3n<\/li>\n<li>Tiene una duraci\u00f3n de 5 a 15 semanas<\/li>\n<li>Son actividades niveladas en cada clase participante<\/li>\n<li>Puede utilizar cualquier herramienta tecnol\u00f3gica que sirva a los objetivos de aprendizaje<\/li>\n<\/ul>\n<p>Como parte de una clase existente, el componente COIL puede desarrollarse a lo largo de todo el curso, o, m\u00e1s usualmente, como un m\u00f3dulo que dura varias semanas durante el curso. La duraci\u00f3n m\u00ednima recomendada para un m\u00f3dulo COIL es de 5 semanas.<\/p>\n<p>Visualmente, el COIL se puede representar como:<\/p>\n<p><img loading=\"lazy\" decoding=\"async\" class=\"alignnone wp-image-531 \" src=\"https:\/\/online.suny.edu\/introtocoil\/wp-content\/uploads\/2020\/12\/COIL-model-diagram-3-e1608229097463-300x143.png\" alt=\"\" width=\"537\" height=\"256\" srcset=\"https:\/\/online.suny.edu\/introtocoil\/wp-content\/uploads\/2020\/12\/COIL-model-diagram-3-e1608229097463-300x143.png 300w, https:\/\/online.suny.edu\/introtocoil\/wp-content\/uploads\/2020\/12\/COIL-model-diagram-3-e1608229097463-768x367.png 768w, https:\/\/online.suny.edu\/introtocoil\/wp-content\/uploads\/2020\/12\/COIL-model-diagram-3-e1608229097463.png 862w\" sizes=\"(max-width: 537px) 100vw, 537px\" \/><\/p>\n<p>\u00bfCU\u00c1LES SON LOS ELEMENTOS DE UN M\u00d3DULO DE COIL?<\/p>\n<p>Las colaboraciones efectivas de COIL tienen una progresi\u00f3n reconocida a trav\u00e9s de fases espec\u00edficas.<\/p>\n<ol>\n<li>La fase de formaci\u00f3n de equipo incluye presentaciones y rompehielos, junto con discusiones y otras actividades destinadas a ayudar a los alumnos a familiarizarse y sentirse c\u00f3modos trabajando unos con otros en l\u00ednea y con otras culturas.<\/li>\n<li>La siguiente fase incluye discusiones comparativas y la organizaci\u00f3n del proyecto en el que trabajar\u00e1n los equipos de estudiantes. Esta etapa prepara a los estudiantes para un efectivo trabajo de proyecto en equipo.<\/li>\n<li>La fase del proyecto se centra en la actividad principal para la colaboraci\u00f3n. Al momento en que los estudiantes aplican sus conocimientos, crean algo juntos o mantienen discusiones importantes sobre el tema de la colaboraci\u00f3n.<\/li>\n<li>La fase final consiste en la presentaci\u00f3n del trabajo realizado (en cualquier formato acordado por los profesores colaboradores), la reflexi\u00f3n tanto sobre el contenido del m\u00f3dulo como sobre los aspectos interculturales de la colaboraci\u00f3n, y la conclusi\u00f3n.<\/li>\n<\/ol>\n<p><img loading=\"lazy\" decoding=\"async\" class=\"alignnone wp-image-471 \" src=\"https:\/\/online.suny.edu\/introtocoil\/wp-content\/uploads\/2020\/04\/COIL-progression-graphic-e1585773939668-300x177.png\" alt=\"\" width=\"530\" height=\"313\" srcset=\"https:\/\/online.suny.edu\/introtocoil\/wp-content\/uploads\/2020\/04\/COIL-progression-graphic-e1585773939668-300x177.png 300w, https:\/\/online.suny.edu\/introtocoil\/wp-content\/uploads\/2020\/04\/COIL-progression-graphic-e1585773939668.png 612w\" sizes=\"(max-width: 530px) 100vw, 530px\" \/><\/p>\n<p>\u00bfC\u00d3MO SE DESARROLLA UN M\u00d3DULO DE COIL?<\/p>\n<p>La planificaci\u00f3n COIL comienza con la cooperaci\u00f3n entre profesores de distintas instituciones que desean llevar a sus clases un aprendizaje intercultural y global.<\/p>\n<p>Los profesores trabajan juntos para:<\/p>\n<ul>\n<li>Definir los objetivos de aprendizaje de los alumnos<\/li>\n<li>Determinar la extensi\u00f3n de la interacci\u00f3n<\/li>\n<li>Dise\u00f1ar acciones comparativas y en colaboraci\u00f3n<\/li>\n<li>Seleccionar la metodolog\u00eda y los instrumentos tecnol\u00f3gicos para la cooperaci\u00f3n<\/li>\n<li>Monitorear el trabajo y el aprendizaje de los estudiantes<\/li>\n<\/ul>\n<p>Los alumnos trabajan juntos para:<\/p>\n<ul>\n<li>Desarrollar equipos internacionales e interculturales efectivos<\/li>\n<li>Discutir las tareas y el contenido de los cursos<\/li>\n<li>Completar una actividad de proyecto como parte de su trabajo de curso<\/li>\n<li>Reflexionar tanto sobre el contenido acad\u00e9mico del curso como el intercambio intercultural que se lleva a cabo<\/li>\n<\/ul>\n<p>Al elaborar un m\u00f3dulo COIL, es necesario analizar varios aspectos, tales como el uso del idioma, los horarios y los calendarios, la armonizaci\u00f3n de las metas de aprendizaje del m\u00f3dulo COIL con los objetivos generales del curso, los m\u00e9todos de evaluaci\u00f3n, aspectos de la gesti\u00f3n de la sala de clases y la selecci\u00f3n de herramientas tecnol\u00f3gicas. Si le interesa desarrollar un m\u00f3dulo COIL para una de sus clases y le gustar\u00eda recibir formaci\u00f3n y apoyo sobre c\u00f3mo hacerlo, SUNY COIL Center dispone de una serie de ofertas de desarrollo profesional que pueden ayudarle.<\/p>\n<p><img loading=\"lazy\" decoding=\"async\" class=\"alignnone  wp-image-476\" src=\"https:\/\/online.suny.edu\/introtocoil\/wp-content\/uploads\/2020\/04\/PHOTO-2020-01-16-15-06-14-e1585776833890-300x183.jpg\" alt=\"\" width=\"352\" height=\"215\" srcset=\"https:\/\/online.suny.edu\/introtocoil\/wp-content\/uploads\/2020\/04\/PHOTO-2020-01-16-15-06-14-e1585776833890-300x183.jpg 300w, https:\/\/online.suny.edu\/introtocoil\/wp-content\/uploads\/2020\/04\/PHOTO-2020-01-16-15-06-14-e1585776833890-768x469.jpg 768w, https:\/\/online.suny.edu\/introtocoil\/wp-content\/uploads\/2020\/04\/PHOTO-2020-01-16-15-06-14-e1585776833890.jpg 903w\" sizes=\"(max-width: 352px) 100vw, 352px\" \/><\/p>\n<p>Estudiantes en M\u00e9xico recibiendo certificados COIL<\/p>\n<p>Haga clic <a href=\"https:\/\/online.suny.edu\/introtocoil\/perspectivas-sobre-el-coil\/\">aqu\u00ed<\/a> para continuar a la siguiente secci\u00f3n.<\/p>\n<script>\nvar gform;gform||(document.addEventListener(\"gform_main_scripts_loaded\",function(){gform.scriptsLoaded=!0}),document.addEventListener(\"gform\/theme\/scripts_loaded\",function(){gform.themeScriptsLoaded=!0}),window.addEventListener(\"DOMContentLoaded\",function(){gform.domLoaded=!0}),gform={domLoaded:!1,scriptsLoaded:!1,themeScriptsLoaded:!1,isFormEditor:()=>\"function\"==typeof InitializeEditor,callIfLoaded:function(o){return!(!gform.domLoaded||!gform.scriptsLoaded||!gform.themeScriptsLoaded&&!gform.isFormEditor()||(gform.isFormEditor()&&console.warn(\"The use of gform.initializeOnLoaded() is deprecated in the form editor context and will be removed in Gravity Forms 3.1.\"),o(),0))},initializeOnLoaded:function(o){gform.callIfLoaded(o)||(document.addEventListener(\"gform_main_scripts_loaded\",()=>{gform.scriptsLoaded=!0,gform.callIfLoaded(o)}),document.addEventListener(\"gform\/theme\/scripts_loaded\",()=>{gform.themeScriptsLoaded=!0,gform.callIfLoaded(o)}),window.addEventListener(\"DOMContentLoaded\",()=>{gform.domLoaded=!0,gform.callIfLoaded(o)}))},hooks:{action:{},filter:{}},addAction:function(o,r,e,t){gform.addHook(\"action\",o,r,e,t)},addFilter:function(o,r,e,t){gform.addHook(\"filter\",o,r,e,t)},doAction:function(o){gform.doHook(\"action\",o,arguments)},applyFilters:function(o){return gform.doHook(\"filter\",o,arguments)},removeAction:function(o,r){gform.removeHook(\"action\",o,r)},removeFilter:function(o,r,e){gform.removeHook(\"filter\",o,r,e)},addHook:function(o,r,e,t,n){null==gform.hooks[o][r]&&(gform.hooks[o][r]=[]);var d=gform.hooks[o][r];null==n&&(n=r+\"_\"+d.length),gform.hooks[o][r].push({tag:n,callable:e,priority:t=null==t?10:t})},doHook:function(r,o,e){var t;if(e=Array.prototype.slice.call(e,1),null!=gform.hooks[r][o]&&((o=gform.hooks[r][o]).sort(function(o,r){return o.priority-r.priority}),o.forEach(function(o){\"function\"!=typeof(t=o.callable)&&(t=window[t]),\"action\"==r?t.apply(null,e):e[0]=t.apply(null,e)})),\"filter\"==r)return e[0]},removeHook:function(o,r,t,n){var e;null!=gform.hooks[o][r]&&(e=(e=gform.hooks[o][r]).filter(function(o,r,e){return!!(null!=n&&n!=o.tag||null!=t&&t!=o.priority)}),gform.hooks[o][r]=e)}});\n<\/script>\n\n                <div class='gf_browser_gecko gform_wrapper gform_legacy_markup_wrapper gform-theme--no-framework' data-form-theme='legacy' data-form-index='0' id='gform_wrapper_3' style='display:none'>\n                        <div class='gform_heading'>\n                            <h3 class=\"gform_title\">Check your understanding: What is COIL?<\/h3>\n                            <p class='gform_description'>This is a self-check quiz for your information only.  Responses will not be recorded.<\/p>\n                        <\/div><form method='post' enctype='multipart\/form-data'  id='gform_3'  action='\/introtocoil\/wp-json\/wp\/v2\/pages\/490' data-formid='3' novalidate>\n                        <div class='gform-body gform_body'><ul id='gform_fields_3' class='gform_fields top_label form_sublabel_below description_below validation_below'><li id=\"field_3_2\" class=\"gfield gfield--type-quiz gfield--type-choice gfield--input-type-radio field_sublabel_below gfield--no-description field_description_below field_validation_below gfield_visibility_visible\"  ><label class='gfield_label gform-field-label' >Which of the following can include a COIL module?<\/label><div class='ginput_container ginput_container_radio'><ul class='gfield_radio' id='input_3_2'>\n\t\t\t<li class='gchoice gchoice_3_2_0'>\n\t\t\t\t<input name='input_2' type='radio' value='gquiz2a8935173'  id='choice_3_2_0'    \/>\n\t\t\t\t<label for='choice_3_2_0' id='label_3_2_0' class='gform-field-label gform-field-label--type-inline'>Fully online course<\/label>\n\t\t\t<\/li>\n\t\t\t<li class='gchoice gchoice_3_2_1'>\n\t\t\t\t<input name='input_2' type='radio' value='gquiz2ca996a14'  id='choice_3_2_1'    \/>\n\t\t\t\t<label for='choice_3_2_1' id='label_3_2_1' class='gform-field-label gform-field-label--type-inline'>Face-to-face (in person) course<\/label>\n\t\t\t<\/li>\n\t\t\t<li class='gchoice gchoice_3_2_2'>\n\t\t\t\t<input name='input_2' type='radio' value='gquiz2d3daa0e9'  id='choice_3_2_2'    \/>\n\t\t\t\t<label for='choice_3_2_2' id='label_3_2_2' class='gform-field-label gform-field-label--type-inline'>Hybrid or Blended course<\/label>\n\t\t\t<\/li>\n\t\t\t<li class='gchoice gchoice_3_2_3'>\n\t\t\t\t<input name='input_2' type='radio' value='gquiz27332910a'  id='choice_3_2_3'    \/>\n\t\t\t\t<label for='choice_3_2_3' id='label_3_2_3' class='gform-field-label gform-field-label--type-inline'>All of the above<\/label>\n\t\t\t<\/li><\/ul><\/div><\/li><li id=\"field_3_3\" class=\"gfield gfield--type-quiz gfield--type-choice gfield--input-type-radio field_sublabel_below gfield--no-description field_description_below field_validation_below gfield_visibility_visible\"  ><label class='gfield_label gform-field-label' >COIL modules work best if the linked courses are in the same discipline.<\/label><div class='ginput_container ginput_container_radio'><ul class='gfield_radio' id='input_3_3'>\n\t\t\t<li class='gchoice gchoice_3_3_0'>\n\t\t\t\t<input name='input_3' type='radio' value='gquiz387df217f'  id='choice_3_3_0'    \/>\n\t\t\t\t<label for='choice_3_3_0' id='label_3_3_0' class='gform-field-label gform-field-label--type-inline'>True<\/label>\n\t\t\t<\/li>\n\t\t\t<li class='gchoice gchoice_3_3_1'>\n\t\t\t\t<input name='input_3' type='radio' value='gquiz36da91116'  id='choice_3_3_1'    \/>\n\t\t\t\t<label for='choice_3_3_1' id='label_3_3_1' class='gform-field-label gform-field-label--type-inline'>False<\/label>\n\t\t\t<\/li><\/ul><\/div><\/li><li id=\"field_3_4\" class=\"gfield gfield--type-quiz gfield--type-choice gfield--input-type-radio field_sublabel_below gfield--no-description field_description_below field_validation_below gfield_visibility_visible\"  ><label class='gfield_label gform-field-label' >A COIL module can include learning outcomes related to:<\/label><div class='ginput_container ginput_container_radio'><ul class='gfield_radio' id='input_3_4'>\n\t\t\t<li class='gchoice gchoice_3_4_0'>\n\t\t\t\t<input name='input_4' type='radio' value='gquiz49ffc67f1'  id='choice_3_4_0'    \/>\n\t\t\t\t<label for='choice_3_4_0' id='label_3_4_0' class='gform-field-label gform-field-label--type-inline'>Academic content and knowledge acquisition<\/label>\n\t\t\t<\/li>\n\t\t\t<li class='gchoice gchoice_3_4_1'>\n\t\t\t\t<input name='input_4' type='radio' value='gquiz430665372'  id='choice_3_4_1'    \/>\n\t\t\t\t<label for='choice_3_4_1' id='label_3_4_1' class='gform-field-label gform-field-label--type-inline'>Development of intercultural communications skills<\/label>\n\t\t\t<\/li>\n\t\t\t<li class='gchoice gchoice_3_4_2'>\n\t\t\t\t<input name='input_4' type='radio' value='gquiz41eeb3ebf'  id='choice_3_4_2'    \/>\n\t\t\t\t<label for='choice_3_4_2' id='label_3_4_2' class='gform-field-label gform-field-label--type-inline'>Actively seeking and considering diverse perspectives<\/label>\n\t\t\t<\/li>\n\t\t\t<li class='gchoice gchoice_3_4_3'>\n\t\t\t\t<input name='input_4' type='radio' value='gquiz441e73638'  id='choice_3_4_3'    \/>\n\t\t\t\t<label for='choice_3_4_3' id='label_3_4_3' class='gform-field-label gform-field-label--type-inline'>All of the above<\/label>\n\t\t\t<\/li><\/ul><\/div><\/li><li id=\"field_3_5\" class=\"gfield gfield--type-quiz gfield--type-choice gfield--input-type-radio field_sublabel_below gfield--no-description field_description_below field_validation_below gfield_visibility_visible\"  ><label class='gfield_label gform-field-label' >A typical COIL module is 5-12 weeks long<\/label><div class='ginput_container ginput_container_radio'><ul class='gfield_radio' id='input_3_5'>\n\t\t\t<li class='gchoice gchoice_3_5_0'>\n\t\t\t\t<input name='input_5' type='radio' value='gquiz5881764f6'  id='choice_3_5_0'    \/>\n\t\t\t\t<label for='choice_3_5_0' id='label_3_5_0' class='gform-field-label gform-field-label--type-inline'>True<\/label>\n\t\t\t<\/li>\n\t\t\t<li class='gchoice gchoice_3_5_1'>\n\t\t\t\t<input name='input_5' type='radio' value='gquiz5b3a8461d'  id='choice_3_5_1'    \/>\n\t\t\t\t<label for='choice_3_5_1' id='label_3_5_1' class='gform-field-label gform-field-label--type-inline'>False<\/label>\n\t\t\t<\/li><\/ul><\/div><\/li><li id=\"field_3_6\" class=\"gfield gfield--type-quiz gfield--type-choice gfield--input-type-radio field_sublabel_below gfield--no-description field_description_below field_validation_below gfield_visibility_visible\"  ><label class='gfield_label gform-field-label' >Which of the following is not an important feature of a COIL course?<\/label><div class='ginput_container ginput_container_radio'><ul class='gfield_radio' id='input_3_6'>\n\t\t\t<li class='gchoice gchoice_3_6_0'>\n\t\t\t\t<input name='input_6' type='radio' value='gquiz628139d73'  id='choice_3_6_0'    \/>\n\t\t\t\t<label for='choice_3_6_0' id='label_3_6_0' class='gform-field-label gform-field-label--type-inline'>Regular communication between professors<\/label>\n\t\t\t<\/li>\n\t\t\t<li class='gchoice gchoice_3_6_1'>\n\t\t\t\t<input name='input_6' type='radio' value='gquiz69a8dea83'  id='choice_3_6_1'    \/>\n\t\t\t\t<label for='choice_3_6_1' id='label_3_6_1' class='gform-field-label gform-field-label--type-inline'>Student reflection<\/label>\n\t\t\t<\/li>\n\t\t\t<li class='gchoice gchoice_3_6_2'>\n\t\t\t\t<input name='input_6' type='radio' value='gquiz62baee244'  id='choice_3_6_2'    \/>\n\t\t\t\t<label for='choice_3_6_2' id='label_3_6_2' class='gform-field-label gform-field-label--type-inline'>Using COIL Center approved software<\/label>\n\t\t\t<\/li>\n\t\t\t<li class='gchoice gchoice_3_6_3'>\n\t\t\t\t<input name='input_6' type='radio' value='gquiz6707eab74'  id='choice_3_6_3'    \/>\n\t\t\t\t<label for='choice_3_6_3' id='label_3_6_3' class='gform-field-label gform-field-label--type-inline'>Teamwork between students<\/label>\n\t\t\t<\/li><\/ul><\/div><\/li><li id=\"field_3_7\" class=\"gfield gfield--type-quiz gfield--type-choice gfield--input-type-radio field_sublabel_below gfield--no-description field_description_below field_validation_below gfield_visibility_visible\"  ><label class='gfield_label gform-field-label' >Grades must be jointly assigned for COIL courses.<\/label><div class='ginput_container ginput_container_radio'><ul class='gfield_radio' id='input_3_7'>\n\t\t\t<li class='gchoice gchoice_3_7_0'>\n\t\t\t\t<input name='input_7' type='radio' value='gquiz7fe90c862'  id='choice_3_7_0'    \/>\n\t\t\t\t<label for='choice_3_7_0' id='label_3_7_0' class='gform-field-label gform-field-label--type-inline'>True<\/label>\n\t\t\t<\/li>\n\t\t\t<li class='gchoice gchoice_3_7_1'>\n\t\t\t\t<input name='input_7' type='radio' value='gquiz7d24fd2c6'  id='choice_3_7_1'    \/>\n\t\t\t\t<label for='choice_3_7_1' id='label_3_7_1' class='gform-field-label gform-field-label--type-inline'>False<\/label>\n\t\t\t<\/li><\/ul><\/div><\/li><\/ul><\/div>\n        <div class='gform-footer gform_footer top_label'> <input type='submit' id='gform_submit_button_3' class='gform_button button' onclick='gform.submission.handleButtonClick(this);' data-submission-type='submit' value='Check answers'  \/> \n            <input type='hidden' class='gform_hidden' name='gform_submission_method' data-js='gform_submission_method_3' value='postback' \/>\n            <input type='hidden' class='gform_hidden' name='gform_theme' data-js='gform_theme_3' id='gform_theme_3' value='legacy' \/>\n            <input type='hidden' class='gform_hidden' name='gform_style_settings' data-js='gform_style_settings_3' id='gform_style_settings_3' value='[]' \/>\n            <input type='hidden' class='gform_hidden' name='is_submit_3' value='1' \/>\n            <input type='hidden' class='gform_hidden' name='gform_submit' value='3' \/>\n            \n            <input type='hidden' class='gform_hidden' name='gform_currency' data-currency='USD' value='oKptXDd5d8BXK54cyPhFPzxIeTSbXyE9KZMMT1nWHR3XGSn8rWyu4EA2q9PWAjDItZLrikJmzRD1d6Uelqc4vO3eImk49mDHY\/ZUNkoHENV2qxI=' \/>\n            <input type='hidden' class='gform_hidden' name='gform_unique_id' value='' \/>\n            <input type='hidden' class='gform_hidden' name='state_3' value='WyJbXSIsImE1MGM2ODNmMWNmNTNmMTRkYjdhMTJhN2U5N2IwYmQyIl0=' \/>\n            <input type='hidden' autocomplete='off' class='gform_hidden' name='gform_target_page_number_3' id='gform_target_page_number_3' value='0' \/>\n            <input type='hidden' autocomplete='off' class='gform_hidden' name='gform_source_page_number_3' id='gform_source_page_number_3' value='1' \/>\n            <input type='hidden' name='gform_field_values' value='' \/>\n            \n        <\/div>\n                        <\/form>\n                        <\/div><script>\ngform.initializeOnLoaded( function() {gformInitSpinner( 3, 'https:\/\/online.suny.edu\/introtocoil\/wp-content\/plugins\/gravityforms\/images\/spinner.svg', true );jQuery('#gform_ajax_frame_3').on('load',function(){var contents = jQuery(this).contents().find('*').html();var is_postback = contents.indexOf('GF_AJAX_POSTBACK') >= 0;if(!is_postback){return;}var form_content = jQuery(this).contents().find('#gform_wrapper_3');var is_confirmation = jQuery(this).contents().find('#gform_confirmation_wrapper_3').length > 0;var is_redirect = contents.indexOf('gformRedirect(){') >= 0;var is_form = form_content.length > 0 && ! is_redirect && ! is_confirmation;var mt = parseInt(jQuery('html').css('margin-top'), 10) + parseInt(jQuery('body').css('margin-top'), 10) + 100;if(is_form){form_content.find('form').css('opacity', 0);jQuery('#gform_wrapper_3').html(form_content.html());if(form_content.hasClass('gform_validation_error')){jQuery('#gform_wrapper_3').addClass('gform_validation_error');} else {jQuery('#gform_wrapper_3').removeClass('gform_validation_error');}setTimeout( function() { \/* delay the scroll by 50 milliseconds to fix a bug in chrome *\/  }, 50 );if(window['gformInitDatepicker']) {gformInitDatepicker();}if(window['gformInitPriceFields']) {gformInitPriceFields();}var current_page = jQuery('#gform_source_page_number_3').val();gformInitSpinner( 3, 'https:\/\/online.suny.edu\/introtocoil\/wp-content\/plugins\/gravityforms\/images\/spinner.svg', true );jQuery(document).trigger('gform_page_loaded', [3, current_page]);window['gf_submitting_3'] = false;}else if(!is_redirect){var confirmation_content = jQuery(this).contents().find('.GF_AJAX_POSTBACK').html();if(!confirmation_content){confirmation_content = contents;}jQuery('#gform_wrapper_3').replaceWith(confirmation_content);jQuery(document).trigger('gform_confirmation_loaded', [3]);window['gf_submitting_3'] = false;wp.a11y.speak(jQuery('#gform_confirmation_message_3').text());}else{jQuery('#gform_3').append(contents);if(window['gformRedirect']) {gformRedirect();}}jQuery(document).trigger(\"gform_pre_post_render\", [{ formId: \"3\", currentPage: \"current_page\", abort: function() { this.preventDefault(); } }]);        if (event && event.defaultPrevented) {                return;        }        const gformWrapperDiv = document.getElementById( \"gform_wrapper_3\" );        if ( gformWrapperDiv ) {            const visibilitySpan = document.createElement( \"span\" );            visibilitySpan.id = \"gform_visibility_test_3\";            gformWrapperDiv.insertAdjacentElement( \"afterend\", visibilitySpan );        }        const visibilityTestDiv = document.getElementById( \"gform_visibility_test_3\" );        let postRenderFired = false;        function triggerPostRender() {            if ( postRenderFired ) {                return;            }            postRenderFired = true;            gform.core.triggerPostRenderEvents( 3, current_page );            if ( visibilityTestDiv ) {                visibilityTestDiv.parentNode.removeChild( visibilityTestDiv );            }        }        function debounce( func, wait, immediate ) {            var timeout;            return function() {                var context = this, args = arguments;                var later = function() {                    timeout = null;                    if ( !immediate ) func.apply( context, args );                };                var callNow = immediate && !timeout;                clearTimeout( timeout );                timeout = setTimeout( later, wait );                if ( callNow ) func.apply( context, args );            };        }        const debouncedTriggerPostRender = debounce( function() {            triggerPostRender();        }, 200 );        if ( visibilityTestDiv && visibilityTestDiv.offsetParent === null ) {            const observer = new MutationObserver( ( mutations ) => {                mutations.forEach( ( mutation ) => {                    if ( mutation.type === 'attributes' && visibilityTestDiv.offsetParent !== null ) {                        debouncedTriggerPostRender();                        observer.disconnect();                    }                });            });            observer.observe( document.body, {                attributes: true,                childList: false,                subtree: true,                attributeFilter: [ 'style', 'class' ],            });        } else {            triggerPostRender();        }    } );} );\n<\/script>\n\n","protected":false},"excerpt":{"rendered":"<p>El Aprendizaje colaborativo internacional en l\u00ednea (COIL, Collaborative Online International Learning ) se trata de un enfoque que, como parte de su clase, conecta a estudiantes y profesores de diferentes culturas para aprender, discutir y colaborar entre si. Los profesores participan en el dise\u00f1o de la experiencia y los alumnos en la ejecuci\u00f3n de las [&hellip;]<\/p>\n","protected":false},"author":8129,"featured_media":0,"parent":0,"menu_order":0,"comment_status":"closed","ping_status":"closed","template":"","meta":{"footnotes":""},"class_list":["post-490","page","type-page","status-publish","hentry"],"_links":{"self":[{"href":"https:\/\/online.suny.edu\/introtocoil\/wp-json\/wp\/v2\/pages\/490","targetHints":{"allow":["GET"]}}],"collection":[{"href":"https:\/\/online.suny.edu\/introtocoil\/wp-json\/wp\/v2\/pages"}],"about":[{"href":"https:\/\/online.suny.edu\/introtocoil\/wp-json\/wp\/v2\/types\/page"}],"author":[{"embeddable":true,"href":"https:\/\/online.suny.edu\/introtocoil\/wp-json\/wp\/v2\/users\/8129"}],"replies":[{"embeddable":true,"href":"https:\/\/online.suny.edu\/introtocoil\/wp-json\/wp\/v2\/comments?post=490"}],"version-history":[{"count":4,"href":"https:\/\/online.suny.edu\/introtocoil\/wp-json\/wp\/v2\/pages\/490\/revisions"}],"predecessor-version":[{"id":534,"href":"https:\/\/online.suny.edu\/introtocoil\/wp-json\/wp\/v2\/pages\/490\/revisions\/534"}],"wp:attachment":[{"href":"https:\/\/online.suny.edu\/introtocoil\/wp-json\/wp\/v2\/media?parent=490"}],"curies":[{"name":"wp","href":"https:\/\/api.w.org\/{rel}","templated":true}]}}