{"id":119,"date":"2018-10-02T11:01:09","date_gmt":"2018-10-02T11:01:09","guid":{"rendered":"http:\/\/commons.suny.edu\/intro2coil\/?page_id=119"},"modified":"2024-10-31T11:35:36","modified_gmt":"2024-10-31T15:35:36","slug":"coil-resources-suny","status":"publish","type":"page","link":"https:\/\/online.suny.edu\/introtocoil\/coil-resources-suny\/","title":{"rendered":"COIL Resources at SUNY"},"content":{"rendered":"<p>Para leer esta p\u00e1gina en espa\u00f1ol, haga clic <a href=\"https:\/\/online.suny.edu\/introtocoil\/recursos-del-coil-en-suny\/\">aqu\u00ed.<\/a><\/p>\n<h3>About the SUNY COIL Center<\/h3>\n<h3><span style=\"font-weight: 400;\">Vision<\/span><\/h3>\n<p><span style=\"font-weight: 400;\">We envision a world free from implicit bias, where people engage across differences to fully connect with others. We believe that an educational environment that fosters shared values, mutual understanding, and critical digital literacy, and which promotes interaction across boundaries to develop leadership, collaborative problem solving and contextualized decision making, will make this vision a reality.\u00a0<\/span><\/p>\n<h3><span style=\"font-weight: 400;\">Mission\u00a0<\/span><\/h3>\n<p><span style=\"font-weight: 400;\">To cultivate an engaged educational environment by providing the resources, support, and professional network to enable educators and institutions to incorporate virtual engagement opportunities for all students and faculty. We do this by:<\/span><\/p>\n<ul>\n<li style=\"font-weight: 400;\"><b>Simplifying the process<\/b><span style=\"font-weight: 400;\"> of integrating collaborative online learning into educational practices\u00a0<\/span><\/li>\n<li style=\"font-weight: 400;\"><b>Empowering the professional community of practice<\/b><span style=\"font-weight: 400;\"> dedicated to thoughtful and quality growth of the field\u00a0<\/span><\/li>\n<li style=\"font-weight: 400;\"><b>Inspiring and supporting educators <\/b><span style=\"font-weight: 400;\">to offer engaging and globally relevant educational experiences<\/span><\/li>\n<li style=\"font-weight: 400;\"><b>Developing materials and resources<\/b> <span style=\"font-weight: 400;\">for independent professional development<\/span><\/li>\n<li style=\"font-weight: 400;\"><b>Making meaningful connections<\/b><span style=\"font-weight: 400;\"> between people, cultures, and ideas<\/span><\/li>\n<\/ul>\n<h3><span style=\"font-weight: 400;\">Our offerings<\/span><\/h3>\n<p><span style=\"font-weight: 400;\">Professional development for professors and staff<\/span><\/p>\n<ul>\n<li style=\"font-weight: 400;\"><span style=\"font-weight: 400;\">Preparing to teach with COIL<\/span><\/li>\n<li style=\"font-weight: 400;\"><span style=\"font-weight: 400;\">Ongoing topical webinars<\/span><\/li>\n<li style=\"font-weight: 400;\"><span style=\"font-weight: 400;\">Mastery classes<\/span><\/li>\n<li style=\"font-weight: 400;\"><span style=\"font-weight: 400;\">Training for staff who support COIL at their institutions<\/span><\/li>\n<li style=\"font-weight: 400;\"><span style=\"font-weight: 400;\">In-person workshops<\/span><\/li>\n<li style=\"font-weight: 400;\"><span style=\"font-weight: 400;\">Mentoring<\/span><\/li>\n<\/ul>\n<p><span style=\"font-weight: 400;\">Consultancies<\/span><\/p>\n<ul>\n<li style=\"font-weight: 400;\"><span style=\"font-weight: 400;\">Strategic planning for curricular internationalization<\/span><\/li>\n<li style=\"font-weight: 400;\"><span style=\"font-weight: 400;\">Strategic plan implementation timeline and support<\/span><\/li>\n<li style=\"font-weight: 400;\"><span style=\"font-weight: 400;\">One-on-one consultations on class design and development<\/span><\/li>\n<li style=\"font-weight: 400;\"><span style=\"font-weight: 400;\">Assessment planning<\/span><\/li>\n<li style=\"font-weight: 400;\"><span style=\"font-weight: 400;\">Onsite evaluations of courses and program implementation<\/span><\/li>\n<li style=\"font-weight: 400;\"><span style=\"font-weight: 400;\">Custom professional development and training<\/span><\/li>\n<\/ul>\n<p>Schedule of upcoming online workshops:<\/p>\n<p><a href=\"https:\/\/online.suny.edu\/introtocoil\/wp-content\/uploads\/2020\/12\/Global-Network-Professional-Development-Sched-2020-2021-2.pdf\">2020-21 SUNY COIL Network Membership Info<\/a><\/p>\n<p>Please feel free to contact us at <span style=\"color: #3366ff;\">coilinfo@suny.edu\u00a0<\/span><\/p>\n<p><img loading=\"lazy\" decoding=\"async\" class=\"alignnone  wp-image-479\" src=\"https:\/\/online.suny.edu\/introtocoil\/wp-content\/uploads\/2020\/04\/Revised-COIL-logo-04-1-e1585792757259-300x290.png\" alt=\"\" width=\"250\" height=\"242\" srcset=\"https:\/\/online.suny.edu\/introtocoil\/wp-content\/uploads\/2020\/04\/Revised-COIL-logo-04-1-e1585792757259-300x290.png 300w, https:\/\/online.suny.edu\/introtocoil\/wp-content\/uploads\/2020\/04\/Revised-COIL-logo-04-1-e1585792757259-768x742.png 768w, https:\/\/online.suny.edu\/introtocoil\/wp-content\/uploads\/2020\/04\/Revised-COIL-logo-04-1-e1585792757259-1024x989.png 1024w, https:\/\/online.suny.edu\/introtocoil\/wp-content\/uploads\/2020\/04\/Revised-COIL-logo-04-1-e1585792757259.png 1380w\" sizes=\"(max-width: 250px) 100vw, 250px\" \/><\/p>\n<h3><strong>Some sample COIL Syllabi<\/strong><\/h3>\n<p><a href=\"https:\/\/online.suny.edu\/introtocoil\/wp-content\/uploads\/2020\/04\/International-Joint-Venture-COIL-outline.docx\">International Joint Venture COIL outline<\/a><\/p>\n<p><a href=\"https:\/\/online.suny.edu\/introtocoil\/wp-content\/uploads\/2018\/10\/COIL-Syllabus_cara_1.pdf\" data-wplink-edit=\"true\">Collaborating and Educating in English through Digital Media<\/a><\/p>\n<p><a href=\"https:\/\/online.suny.edu\/introtocoil\/wp-content\/uploads\/2018\/10\/Case-Study-3-Ulster-Unison-Veterinary-Care.pdf\">Successful Veterinary Business<\/a><\/p>\n<p><a href=\"https:\/\/online.suny.edu\/introtocoil\/wp-content\/uploads\/2018\/10\/PHO118-01-Ziolkowski-IntroductionToPhotography-Syllabus-Falll20171019-COIL-Example.pdf\">Photography COIL Syllabus<\/a><\/p>\n<p><a href=\"https:\/\/online.suny.edu\/introtocoil\/wp-content\/uploads\/2018\/10\/Case-Study-5-AUT-MCC-Management-Culture.pdf\">Cultural Influences on Management Styles<\/a><\/p>\n<p><a href=\"https:\/\/online.suny.edu\/introtocoil\/wp-content\/uploads\/2018\/10\/Ziolkowski-PHO118-01-6-CrossCultureStorytellingThroughDigitalMedia-COIL-Example.pdf\">Cross Cultural Storytelling through Media<\/a><!--COIL video--><\/p>\n","protected":false},"excerpt":{"rendered":"<p>Para leer esta p\u00e1gina en espa\u00f1ol, haga clic aqu\u00ed. About the SUNY COIL Center Vision We envision a world free from implicit bias, where people engage across differences to fully connect with others. We believe that an educational environment that fosters shared values, mutual understanding, and critical digital literacy, and which promotes interaction across boundaries [&hellip;]<\/p>\n","protected":false},"author":8132,"featured_media":0,"parent":0,"menu_order":0,"comment_status":"closed","ping_status":"closed","template":"","meta":{"footnotes":""},"class_list":["post-119","page","type-page","status-publish","hentry"],"_links":{"self":[{"href":"https:\/\/online.suny.edu\/introtocoil\/wp-json\/wp\/v2\/pages\/119","targetHints":{"allow":["GET"]}}],"collection":[{"href":"https:\/\/online.suny.edu\/introtocoil\/wp-json\/wp\/v2\/pages"}],"about":[{"href":"https:\/\/online.suny.edu\/introtocoil\/wp-json\/wp\/v2\/types\/page"}],"author":[{"embeddable":true,"href":"https:\/\/online.suny.edu\/introtocoil\/wp-json\/wp\/v2\/users\/8132"}],"replies":[{"embeddable":true,"href":"https:\/\/online.suny.edu\/introtocoil\/wp-json\/wp\/v2\/comments?post=119"}],"version-history":[{"count":30,"href":"https:\/\/online.suny.edu\/introtocoil\/wp-json\/wp\/v2\/pages\/119\/revisions"}],"predecessor-version":[{"id":545,"href":"https:\/\/online.suny.edu\/introtocoil\/wp-json\/wp\/v2\/pages\/119\/revisions\/545"}],"wp:attachment":[{"href":"https:\/\/online.suny.edu\/introtocoil\/wp-json\/wp\/v2\/media?parent=119"}],"curies":[{"name":"wp","href":"https:\/\/api.w.org\/{rel}","templated":true}]}}